{"id":3,"date":"2021-10-28T22:59:00","date_gmt":"2021-10-28T20:59:00","guid":{"rendered":"https:\/\/madetoform.ch\/?page_id=3"},"modified":"2025-09-23T17:08:19","modified_gmt":"2025-09-23T15:08:19","slug":"politique-de-confidentialite","status":"publish","type":"page","link":"https:\/\/madetoform.ch\/en\/politique-de-confidentialite\/","title":{"rendered":"Privacy policy"},"content":{"rendered":"<div data-elementor-type=\"wp-page\" data-elementor-id=\"3\" class=\"elementor elementor-3\">\n\t\t\t\t\t\t<section class=\"elementor-section elementor-top-section elementor-element elementor-element-7f0d27f8 elementor-section-boxed elementor-section-height-default elementor-section-height-default wpr-particle-no wpr-jarallax-no wpr-parallax-no wpr-sticky-section-no elementor-invisible\" data-id=\"7f0d27f8\" data-element_type=\"section\" data-settings=\"{&quot;animation&quot;:&quot;fadeInUp&quot;}\">\n\t\t\t\t\t\t<div class=\"elementor-container elementor-column-gap-default\">\n\t\t\t\t\t<div class=\"elementor-column elementor-col-100 elementor-top-column elementor-element elementor-element-548e691f\" data-id=\"548e691f\" data-element_type=\"column\">\n\t\t\t<div class=\"elementor-widget-wrap elementor-element-populated\">\n\t\t\t\t\t\t<div class=\"elementor-element elementor-element-1bf801e9 elementor-widget elementor-widget-text-editor\" data-id=\"1bf801e9\" data-element_type=\"widget\" data-widget_type=\"text-editor.default\">\n\t\t\t\t<div class=\"elementor-widget-container\">\n\t\t\t\t\t\t\t\t\t\n<h2 class=\"wp-block-heading\">Who are we ?<\/h2>\n\n<p><strong class=\"privacy-policy-tutorial\">Suggested text : <\/strong>The address of our website is: https:\/\/madetoform.ch.<\/p>\n\n<h2 class=\"wp-block-heading\">Comments<\/h2>\n\n<p><strong class=\"privacy-policy-tutorial\">Suggested text : <\/strong>When you leave a comment on our website, the data entered in the comment form, but also your IP address and user agent of your browser are collected to help us detect comment spam.<\/p>\n\n<p>An anonymized string created from your email address (also called a hash) may be sent to the Gravatar service to check if you are using it. The Gravatar service\u2019s privacy policy is available here: https:\/\/automattic.com\/privacy\/\n. After your comment is approved, your profile picture will be publicly visible next to your comment.<\/p>\n\n<h2 class=\"wp-block-heading\">Media<\/h2>\n\n<p><strong class=\"privacy-policy-tutorial\">Suggested text : <\/strong>If you upload images to the website, we advise you to avoid uploading images containing EXIF GPS coordinates. The people visiting your website can download and extract location data from these images.<\/p>\n\n<h2 class=\"wp-block-heading\">Cookies<\/h2>\n\n<p><strong class=\"privacy-policy-tutorial\">Suggested text : <\/strong>If you drop a comment on our website, you will be asked to save your name, email address and website in cookies. It's only for your comfort so you do not have to enter this information if you drop another comment later. These cookies expire after one year.<\/p>\n\n<p>If you go to the login page, a temporary cookie will be created to determine if your browser accepts cookies. It does not contain any personal data and will be deleted automatically when you close your browser.<\/p>\n\n<p>When you log in, we will put in place a number of cookies to save your login information and your preferences screen. The lifetime of a login cookie is two days, that of a cookie display option is one year. If you select \" remember me \", your login cookie will be retained for a period of two weeks. If you log out of your account, the login cookie will be deleted.<\/p>\n\n<p>By modifying or publishing a publication, an additional cookie will be saved in your browser. This cookie includes no personal data. It simply indicates the ID of the publication you just edited. It expires after one day.<\/p>\n\n<h2 class=\"wp-block-heading\">Embedded content from other websites<\/h2>\n\n<p><strong class=\"privacy-policy-tutorial\">Suggested text : <\/strong>The articles on this site may include embedded content (e.g. videos, images, articles...). The built-in content from other sites behaves in the same way as if the visitor was over that other website.<\/p>\n\n<p>These websites may collect data about you, use cookies, embed tools for monitoring third-party, keep track of your interactions with such content embedded if you have a connected account on their website.<\/p>\n\n<h2 class=\"wp-block-heading\">Use and transmission of your personal data<\/h2>\n\n<p><strong class=\"privacy-policy-tutorial\">Suggested text : <\/strong>If you request a reset of your password, your IP address will be included in the e-mail address to reset your password.<\/p>\n\n<h2 class=\"wp-block-heading\">Storage times of your data<\/h2>\n\n<p><strong class=\"privacy-policy-tutorial\">Suggested text : <\/strong>If you leave a comment, the comment and its metadata are retained indefinitely. It can recognize and automatically approve the following comments instead of leaving them in a queue for moderation.<\/p>\n\n<p>Also for accounts that register on our website (if any), we also store the personal data indicated in their profile. All accounts can see, edit, or delete their personal information at any time (except their username). The site managers can also see and edit that information.<\/p>\n\n<h2 class=\"wp-block-heading\">What rights you have over your data<\/h2>\n\n<p><strong class=\"privacy-policy-tutorial\">Suggested text : <\/strong>If you have an account or if you have left comments on the website, you can request to receive a file containing all the personal data that we hold about you, including those that you have provided to us. You can also request the deletion of personal data concerning you. It does not take into account data stored for administrative, legal or security reasons.<\/p>\n\n<h2 class=\"wp-block-heading\">Transmission of your personal data<\/h2>\n\n<p><strong class=\"privacy-policy-tutorial\">Suggested text : <\/strong>Visitor comments may be checked through an automated detection of spam comments.<\/p>\n\t\t\t\t\t\t\t\t<\/div>\n\t\t\t\t<\/div>\n\t\t\t\t\t<\/div>\n\t\t<\/div>\n\t\t\t\t\t<\/div>\n\t\t<\/section>\n\t\t\t\t<\/div>","protected":false},"excerpt":{"rendered":"<p>Qui sommes-nous\u00a0? Texte sugg\u00e9r\u00e9\u00a0: L\u2019adresse de notre site est\u00a0: https:\/\/madetoform.ch. Commentaires Texte sugg\u00e9r\u00e9\u00a0: Quand vous laissez un commentaire sur notre site, les donn\u00e9es inscrites dans le formulaire de commentaire, mais aussi votre adresse IP et l\u2019agent utilisateur de votre navigateur sont collect\u00e9s pour nous aider \u00e0 la d\u00e9tection des commentaires ind\u00e9sirables. Une cha\u00eene anonymis\u00e9e cr\u00e9\u00e9e \u00e0 partir de votre adresse e-mail (\u00e9galement appel\u00e9e hash) peut \u00eatre envoy\u00e9e au service Gravatar pour v\u00e9rifier si vous utilisez ce dernier. Les clauses de confidentialit\u00e9 du service Gravatar sont disponibles ici\u00a0: https:\/\/automattic.com\/privacy\/. Apr\u00e8s validation de votre commentaire, votre photo de profil sera visible publiquement \u00e0 cot\u00e9 de votre commentaire. M\u00e9dias Texte sugg\u00e9r\u00e9\u00a0: Si vous t\u00e9l\u00e9versez des images sur le site, nous vous conseillons d\u2019\u00e9viter de t\u00e9l\u00e9verser des images contenant des donn\u00e9es EXIF de coordonn\u00e9es GPS. Les personnes visitant votre site peuvent t\u00e9l\u00e9charger et extraire des donn\u00e9es de localisation depuis ces images. Cookies Texte sugg\u00e9r\u00e9\u00a0: Si vous d\u00e9posez un commentaire sur notre site, il vous sera propos\u00e9 d\u2019enregistrer votre nom, adresse e-mail et site dans des cookies. C\u2019est uniquement pour votre confort afin de ne pas avoir \u00e0 saisir ces informations si vous d\u00e9posez un autre commentaire plus tard. Ces cookies expirent au bout d\u2019un an. Si vous vous rendez sur la page de connexion, un cookie temporaire sera cr\u00e9\u00e9 afin de d\u00e9terminer si votre navigateur accepte les cookies. Il ne contient pas de donn\u00e9es personnelles et sera supprim\u00e9 automatiquement \u00e0 la fermeture de votre navigateur. Lorsque vous vous connecterez, nous mettrons en place un certain nombre de cookies pour enregistrer vos informations de connexion et vos pr\u00e9f\u00e9rences d\u2019\u00e9cran. La dur\u00e9e de vie d\u2019un cookie de connexion est de deux jours, celle d\u2019un cookie d\u2019option d\u2019\u00e9cran est d\u2019un an. Si vous cochez \u00ab\u00a0Se souvenir de moi\u00a0\u00bb, votre cookie de connexion sera conserv\u00e9 pendant deux semaines. Si vous vous d\u00e9connectez de votre compte, le cookie de connexion sera effac\u00e9. En modifiant ou en publiant une publication, un cookie suppl\u00e9mentaire sera enregistr\u00e9 dans votre navigateur. Ce cookie ne comprend aucune donn\u00e9e personnelle. Il indique simplement l\u2019ID de la publication que vous venez de modifier. Il expire au bout d\u2019un jour. Contenu embarqu\u00e9 depuis d\u2019autres sites Texte sugg\u00e9r\u00e9\u00a0: Les articles de ce site peuvent inclure des contenus int\u00e9gr\u00e9s (par exemple des vid\u00e9os, images, articles\u2026). Le contenu int\u00e9gr\u00e9 depuis d\u2019autres sites se comporte de la m\u00eame mani\u00e8re que si le visiteur se rendait sur cet autre site. Ces sites web pourraient collecter des donn\u00e9es sur vous, utiliser des cookies, embarquer des outils de suivis tiers, suivre vos interactions avec ces contenus embarqu\u00e9s si vous disposez d\u2019un compte connect\u00e9 sur leur site web. Utilisation et transmission de vos donn\u00e9es personnelles Texte sugg\u00e9r\u00e9\u00a0: Si vous demandez une r\u00e9initialisation de votre mot de passe, votre adresse IP sera incluse dans l\u2019e-mail de r\u00e9initialisation. Dur\u00e9es de stockage de vos donn\u00e9es Texte sugg\u00e9r\u00e9\u00a0: Si vous laissez un commentaire, le commentaire et ses m\u00e9tadonn\u00e9es sont conserv\u00e9s ind\u00e9finiment. Cela permet de reconna\u00eetre et approuver automatiquement les commentaires suivants au lieu de les laisser dans la file de mod\u00e9ration. Pour les comptes qui s\u2019inscrivent sur notre site (le cas \u00e9ch\u00e9ant), nous stockons \u00e9galement les donn\u00e9es personnelles indiqu\u00e9es dans leur profil. Tous les comptes peuvent voir, modifier ou supprimer leurs informations personnelles \u00e0 tout moment (\u00e0 l\u2019exception de leur identifiant). Les gestionnaires du site peuvent aussi voir et modifier ces informations. Les droits que vous avez sur vos donn\u00e9es Texte sugg\u00e9r\u00e9\u00a0: Si vous avez un compte ou si vous avez laiss\u00e9 des commentaires sur le site, vous pouvez demander \u00e0 recevoir un fichier contenant toutes les donn\u00e9es personnelles que nous poss\u00e9dons \u00e0 votre sujet, incluant celles que vous nous avez fournies. Vous pouvez \u00e9galement demander la suppression des donn\u00e9es personnelles vous concernant. Cela ne prend pas en compte les donn\u00e9es stock\u00e9es \u00e0 des fins administratives, l\u00e9gales ou pour des raisons de s\u00e9curit\u00e9. Transmission de vos donn\u00e9es personnelles Texte sugg\u00e9r\u00e9\u00a0: Les commentaires des visiteurs peuvent \u00eatre v\u00e9rifi\u00e9s \u00e0 l\u2019aide d\u2019un service automatis\u00e9 de d\u00e9tection des commentaires ind\u00e9sirables.<\/p>","protected":false},"author":1,"featured_media":0,"parent":0,"menu_order":0,"comment_status":"closed","ping_status":"closed","template":"","meta":{"_uag_custom_page_level_css":"","site-sidebar-layout":"default","site-content-layout":"","ast-site-content-layout":"default","site-content-style":"default","site-sidebar-style":"default","ast-global-header-display":"","ast-banner-title-visibility":"","ast-main-header-display":"","ast-hfb-above-header-display":"","ast-hfb-below-header-display":"","ast-hfb-mobile-header-display":"","site-post-title":"","ast-breadcrumbs-content":"","ast-featured-img":"","footer-sml-layout":"","ast-disable-related-posts":"","theme-transparent-header-meta":"","adv-header-id-meta":null,"stick-header-meta":null,"header-above-stick-meta":null,"header-main-stick-meta":null,"header-below-stick-meta":null,"astra-migrate-meta-layouts":"default","ast-page-background-enabled":"default","ast-page-background-meta":{"desktop":{"background-color":"var(--ast-global-color-4)","background-image":"","background-repeat":"repeat","background-position":"center center","background-size":"auto","background-attachment":"scroll","background-type":"","background-media":"","overlay-type":"","overlay-color":"","overlay-opacity":"","overlay-gradient":""},"tablet":{"background-color":"","background-image":"","background-repeat":"repeat","background-position":"center center","background-size":"auto","background-attachment":"scroll","background-type":"","background-media":"","overlay-type":"","overlay-color":"","overlay-opacity":"","overlay-gradient":""},"mobile":{"background-color":"","background-image":"","background-repeat":"repeat","background-position":"center center","background-size":"auto","background-attachment":"scroll","background-type":"","background-media":"","overlay-type":"","overlay-color":"","overlay-opacity":"","overlay-gradient":""}},"ast-content-background-meta":{"desktop":{"background-color":"var(--ast-global-color-5)","background-image":"","background-repeat":"repeat","background-position":"center center","background-size":"auto","background-attachment":"scroll","background-type":"","background-media":"","overlay-type":"","overlay-color":"","overlay-opacity":"","overlay-gradient":""},"tablet":{"background-color":"var(--ast-global-color-5)","background-image":"","background-repeat":"repeat","background-position":"center center","background-size":"auto","background-attachment":"scroll","background-type":"","background-media":"","overlay-type":"","overlay-color":"","overlay-opacity":"","overlay-gradient":""},"mobile":{"background-color":"var(--ast-global-color-5)","background-image":"","background-repeat":"repeat","background-position":"center center","background-size":"auto","background-attachment":"scroll","background-type":"","background-media":"","overlay-type":"","overlay-color":"","overlay-opacity":"","overlay-gradient":""}},"footnotes":""},"class_list":["post-3","page","type-page","status-publish","hentry"],"uagb_featured_image_src":{"full":false,"thumbnail":false,"medium":false,"medium_large":false,"large":false,"1536x1536":false,"2048x2048":false,"trp-custom-language-flag":false},"uagb_author_info":{"display_name":"Madetoform","author_link":"https:\/\/madetoform.ch\/en\/author\/madetoform\/"},"uagb_comment_info":0,"uagb_excerpt":"Qui sommes-nous\u00a0? Texte sugg\u00e9r\u00e9\u00a0: L\u2019adresse de notre site est\u00a0: https:\/\/madetoform.ch. Commentaires Texte sugg\u00e9r\u00e9\u00a0: Quand vous laissez un commentaire sur notre site, les donn\u00e9es inscrites dans le formulaire de commentaire, mais aussi votre adresse IP et l\u2019agent utilisateur de votre navigateur sont collect\u00e9s pour nous aider \u00e0 la d\u00e9tection des commentaires ind\u00e9sirables. Une cha\u00eene anonymis\u00e9e cr\u00e9\u00e9e&hellip;","_links":{"self":[{"href":"https:\/\/madetoform.ch\/en\/wp-json\/wp\/v2\/pages\/3","targetHints":{"allow":["GET"]}}],"collection":[{"href":"https:\/\/madetoform.ch\/en\/wp-json\/wp\/v2\/pages"}],"about":[{"href":"https:\/\/madetoform.ch\/en\/wp-json\/wp\/v2\/types\/page"}],"author":[{"embeddable":true,"href":"https:\/\/madetoform.ch\/en\/wp-json\/wp\/v2\/users\/1"}],"replies":[{"embeddable":true,"href":"https:\/\/madetoform.ch\/en\/wp-json\/wp\/v2\/comments?post=3"}],"version-history":[{"count":7,"href":"https:\/\/madetoform.ch\/en\/wp-json\/wp\/v2\/pages\/3\/revisions"}],"predecessor-version":[{"id":1535,"href":"https:\/\/madetoform.ch\/en\/wp-json\/wp\/v2\/pages\/3\/revisions\/1535"}],"wp:attachment":[{"href":"https:\/\/madetoform.ch\/en\/wp-json\/wp\/v2\/media?parent=3"}],"curies":[{"name":"wp","href":"https:\/\/api.w.org\/{rel}","templated":true}]}}