{"id":3,"date":"2021-10-28T22:59:00","date_gmt":"2021-10-28T20:59:00","guid":{"rendered":"https:\/\/madetoform.ch\/?page_id=3"},"modified":"2025-09-23T17:08:19","modified_gmt":"2025-09-23T15:08:19","slug":"politique-de-confidentialite","status":"publish","type":"page","link":"https:\/\/madetoform.ch\/de\/politique-de-confidentialite\/","title":{"rendered":"Datenschutzerkl\u00e4rung"},"content":{"rendered":"<div data-elementor-type=\"wp-page\" data-elementor-id=\"3\" class=\"elementor elementor-3\">\n\t\t\t\t\t\t<section class=\"elementor-section elementor-top-section elementor-element elementor-element-7f0d27f8 elementor-section-boxed elementor-section-height-default elementor-section-height-default wpr-particle-no wpr-jarallax-no wpr-parallax-no wpr-sticky-section-no elementor-invisible\" data-id=\"7f0d27f8\" data-element_type=\"section\" data-settings=\"{&quot;animation&quot;:&quot;fadeInUp&quot;}\">\n\t\t\t\t\t\t<div class=\"elementor-container elementor-column-gap-default\">\n\t\t\t\t\t<div class=\"elementor-column elementor-col-100 elementor-top-column elementor-element elementor-element-548e691f\" data-id=\"548e691f\" data-element_type=\"column\">\n\t\t\t<div class=\"elementor-widget-wrap elementor-element-populated\">\n\t\t\t\t\t\t<div class=\"elementor-element elementor-element-1bf801e9 elementor-widget elementor-widget-text-editor\" data-id=\"1bf801e9\" data-element_type=\"widget\" data-widget_type=\"text-editor.default\">\n\t\t\t\t<div class=\"elementor-widget-container\">\n\t\t\t\t\t\t\t\t\t\n<h2 class=\"wp-block-heading\">Wer sind wir ?<\/h2>\n\n<p><strong class=\"privacy-policy-tutorial\">Vorgeschlagener text : <\/strong>Die Adresse unserer Website lautet: https:\/\/madetoform.ch.<\/p>\n\n<h2 class=\"wp-block-heading\">Bewertungen<\/h2>\n\n<p><strong class=\"privacy-policy-tutorial\">Vorgeschlagener text : <\/strong>Wenn du einen kommentar auf unserer website, werden die eingetragenen daten in das formular ein kommentar, aber auch ihre IP-adresse und der user-agent ihres browsers erfasst, um uns zu helfen, die erkennung von unerw\u00fcnschte kommentare.<\/p>\n\n<p>Eine anonymisierte Kette, die aus Ihrer E-Mail-Adresse erstellt wird (auch Hash genannt), kann an den Gravatar-Dienst gesendet werden, um zu \u00fcberpr\u00fcfen, ob Sie diesen verwenden. Die Datenschutzbestimmungen des Gravatar-Dienstes finden Sie hier: https:\/\/automattic.com\/privacy\/\n. Nach der Freigabe Ihres Kommentars wird Ihr Profilbild \u00f6ffentlich neben Ihrem Kommentar angezeigt.<\/p>\n\n<h2 class=\"wp-block-heading\">Medien<\/h2>\n\n<p><strong class=\"privacy-policy-tutorial\">Vorgeschlagener text : <\/strong>Wenn sie laden sie bilder auf die website, wir empfehlen, dass sie vermeiden sie das hochladen von bildern mit EXIF-daten von GPS-koordinaten. Besucher ihrer website k\u00f6nnen sie herunterladen und abrufen der standortdaten von diesen bildern.<\/p>\n\n<h2 class=\"wp-block-heading\">Cookies<\/h2>\n\n<p><strong class=\"privacy-policy-tutorial\">Vorgeschlagener text : <\/strong>Wenn sie entfernen sie einen kommentar auf unserer website, es wird ihnen vorgeschlagen, ihren namen, e-mail-adresse und website in cookies. Es ist nur zu ihrem komfort, damit sie nicht zur eingabe dieser informationen, wenn sie eine einzahlung einen weiteren kommentar sp\u00e4ter. Diese cookies verfallen nach einem jahr.<\/p>\n\n<p>Wenn sie auf der seite anmelden, wird ein tempor\u00e4res cookie erstellt werden, um festzustellen, ob ihr browser cookies akzeptiert. Es enth\u00e4lt keine pers\u00f6nlichen daten und werden automatisch gel\u00f6scht, bis sie ihren browser schlie\u00dfen.<\/p>\n\n<p>Wenn sie sich anmelden, setzen wir eine reihe von cookies, um ihre login-informationen und ihre einstellungen bildschirm. Die lebensdauer eines login-cookie zwei tage, die eines cookies f\u00fcr die option betr\u00e4gt ein jahr. Wenn sie die option \u00ab an mich erinnern \u00bb ausw\u00e4hlen, wird ihr login-cookie wird, erhalten zwei wochen lang. Wenn sie sich vom konto abmelden, wird das anmelde-cookie gel\u00f6scht.<\/p>\n\n<p>Durch \u00e4ndern oder durch die ver\u00f6ffentlichung einer publikation, einem zus\u00e4tzlichen cookie wird in ihrem browser gespeichert. Dieses cookie enth\u00e4lt keine personenbezogenen daten. Es gibt lediglich die ID der publikation, die sie gerade bearbeiten. Es l\u00e4uft nach einem tag.<\/p>\n\n<h2 class=\"wp-block-heading\">Embedded content von anderen websites<\/h2>\n\n<p><strong class=\"privacy-policy-tutorial\">Vorgeschlagener text : <\/strong>Die artikel in dieser website k\u00f6nnen eingebettete inhalte (z.b. videos, bilder, artikel...). Die integrierte inhalte von anderen websites verh\u00e4lt sich auf die gleiche weise, als ob der besucher machte sich \u00fcber diese andere website haben.<\/p>\n\n<p>Diese websites k\u00f6nnen sammeln daten \u00fcber sie, verwenden cookies, bord-tools, gefolgt von drittanbietern, verfolgen sie ihre interaktionen mit diesen inhalten embedded-wenn sie ein verbundenes konto auf ihrer website.<\/p>\n\n<h2 class=\"wp-block-heading\">Nutzung und weitergabe ihrer pers\u00f6nlichen daten<\/h2>\n\n<p><strong class=\"privacy-policy-tutorial\">Vorgeschlagener text : <\/strong>Wenn sie fragen zur\u00fccksetzen ihres passworts wird ihre IP-adresse enthalten in der e-mail-adresse zur\u00fccksetzen.<\/p>\n\n<h2 class=\"wp-block-heading\">Dauer der speicherung ihrer daten<\/h2>\n\n<p><strong class=\"privacy-policy-tutorial\">Vorgeschlagener text : <\/strong>Wenn sie einen kommentar hinterlassen, werden der kommentar und seine metadaten auf unbestimmte zeit beibehalten. Dies erm\u00f6glicht das erkennen und genehmigen automatisch die folgenden kommentare, anstatt lassen sie sie in die warteschlange f\u00fcr die moderation.<\/p>\n\n<p>F\u00fcr konten, die sich anmelden, auf unserer website (falls vorhanden), speichern wir auch die pers\u00f6nlichen daten, die sich in ihrem profil. Alle konten k\u00f6nnen sehen, bearbeiten oder l\u00f6schen ihrer pers\u00f6nlichen informationen jederzeit \u00e4ndern (au\u00dfer ihrer id). Die betreiber der website k\u00f6nnen sie auch sehen, und diese daten bearbeiten.<\/p>\n\n<h2 class=\"wp-block-heading\">Welche rechte haben sie \u00fcber ihre daten<\/h2>\n\n<p><strong class=\"privacy-policy-tutorial\">Vorgeschlagener text : <\/strong>Wenn sie ein konto haben oder wenn sie kommentare hinterlassen auf der website, k\u00f6nnen sie erhalten eine datei mit allen pers\u00f6nlichen daten wir \u00fcber sie gespeichert haben, einschlie\u00dflich derjenigen, die sie uns zur verf\u00fcgung gestellt haben. Sie k\u00f6nnen auch die l\u00f6schung von personenbezogenen daten, die sie betreffen. Dies ber\u00fccksichtigt nicht die daten gespeichert, die f\u00fcr administrative, rechtliche oder sicherheitszwecke.<\/p>\n\n<h2 class=\"wp-block-heading\">\u00dcbermittlung ihrer personenbezogenen daten<\/h2>\n\n<p><strong class=\"privacy-policy-tutorial\">Vorgeschlagener text : <\/strong>Besucher-kommentare k\u00f6nnen \u00fcberpr\u00fcft werden, indem ein automatisierter erkennung unerw\u00fcnschte kommentare.<\/p>\n\t\t\t\t\t\t\t\t<\/div>\n\t\t\t\t<\/div>\n\t\t\t\t\t<\/div>\n\t\t<\/div>\n\t\t\t\t\t<\/div>\n\t\t<\/section>\n\t\t\t\t<\/div>","protected":false},"excerpt":{"rendered":"<p>Qui sommes-nous\u00a0? Texte sugg\u00e9r\u00e9\u00a0: L\u2019adresse de notre site est\u00a0: https:\/\/madetoform.ch. Commentaires Texte sugg\u00e9r\u00e9\u00a0: Quand vous laissez un commentaire sur notre site, les donn\u00e9es inscrites dans le formulaire de commentaire, mais aussi votre adresse IP et l\u2019agent utilisateur de votre navigateur sont collect\u00e9s pour nous aider \u00e0 la d\u00e9tection des commentaires ind\u00e9sirables. Une cha\u00eene anonymis\u00e9e cr\u00e9\u00e9e \u00e0 partir de votre adresse e-mail (\u00e9galement appel\u00e9e hash) peut \u00eatre envoy\u00e9e au service Gravatar pour v\u00e9rifier si vous utilisez ce dernier. Les clauses de confidentialit\u00e9 du service Gravatar sont disponibles ici\u00a0: https:\/\/automattic.com\/privacy\/. Apr\u00e8s validation de votre commentaire, votre photo de profil sera visible publiquement \u00e0 cot\u00e9 de votre commentaire. M\u00e9dias Texte sugg\u00e9r\u00e9\u00a0: Si vous t\u00e9l\u00e9versez des images sur le site, nous vous conseillons d\u2019\u00e9viter de t\u00e9l\u00e9verser des images contenant des donn\u00e9es EXIF de coordonn\u00e9es GPS. Les personnes visitant votre site peuvent t\u00e9l\u00e9charger et extraire des donn\u00e9es de localisation depuis ces images. Cookies Texte sugg\u00e9r\u00e9\u00a0: Si vous d\u00e9posez un commentaire sur notre site, il vous sera propos\u00e9 d\u2019enregistrer votre nom, adresse e-mail et site dans des cookies. C\u2019est uniquement pour votre confort afin de ne pas avoir \u00e0 saisir ces informations si vous d\u00e9posez un autre commentaire plus tard. Ces cookies expirent au bout d\u2019un an. Si vous vous rendez sur la page de connexion, un cookie temporaire sera cr\u00e9\u00e9 afin de d\u00e9terminer si votre navigateur accepte les cookies. Il ne contient pas de donn\u00e9es personnelles et sera supprim\u00e9 automatiquement \u00e0 la fermeture de votre navigateur. Lorsque vous vous connecterez, nous mettrons en place un certain nombre de cookies pour enregistrer vos informations de connexion et vos pr\u00e9f\u00e9rences d\u2019\u00e9cran. La dur\u00e9e de vie d\u2019un cookie de connexion est de deux jours, celle d\u2019un cookie d\u2019option d\u2019\u00e9cran est d\u2019un an. Si vous cochez \u00ab\u00a0Se souvenir de moi\u00a0\u00bb, votre cookie de connexion sera conserv\u00e9 pendant deux semaines. Si vous vous d\u00e9connectez de votre compte, le cookie de connexion sera effac\u00e9. En modifiant ou en publiant une publication, un cookie suppl\u00e9mentaire sera enregistr\u00e9 dans votre navigateur. Ce cookie ne comprend aucune donn\u00e9e personnelle. Il indique simplement l\u2019ID de la publication que vous venez de modifier. Il expire au bout d\u2019un jour. Contenu embarqu\u00e9 depuis d\u2019autres sites Texte sugg\u00e9r\u00e9\u00a0: Les articles de ce site peuvent inclure des contenus int\u00e9gr\u00e9s (par exemple des vid\u00e9os, images, articles\u2026). Le contenu int\u00e9gr\u00e9 depuis d\u2019autres sites se comporte de la m\u00eame mani\u00e8re que si le visiteur se rendait sur cet autre site. Ces sites web pourraient collecter des donn\u00e9es sur vous, utiliser des cookies, embarquer des outils de suivis tiers, suivre vos interactions avec ces contenus embarqu\u00e9s si vous disposez d\u2019un compte connect\u00e9 sur leur site web. Utilisation et transmission de vos donn\u00e9es personnelles Texte sugg\u00e9r\u00e9\u00a0: Si vous demandez une r\u00e9initialisation de votre mot de passe, votre adresse IP sera incluse dans l\u2019e-mail de r\u00e9initialisation. Dur\u00e9es de stockage de vos donn\u00e9es Texte sugg\u00e9r\u00e9\u00a0: Si vous laissez un commentaire, le commentaire et ses m\u00e9tadonn\u00e9es sont conserv\u00e9s ind\u00e9finiment. Cela permet de reconna\u00eetre et approuver automatiquement les commentaires suivants au lieu de les laisser dans la file de mod\u00e9ration. Pour les comptes qui s\u2019inscrivent sur notre site (le cas \u00e9ch\u00e9ant), nous stockons \u00e9galement les donn\u00e9es personnelles indiqu\u00e9es dans leur profil. Tous les comptes peuvent voir, modifier ou supprimer leurs informations personnelles \u00e0 tout moment (\u00e0 l\u2019exception de leur identifiant). Les gestionnaires du site peuvent aussi voir et modifier ces informations. Les droits que vous avez sur vos donn\u00e9es Texte sugg\u00e9r\u00e9\u00a0: Si vous avez un compte ou si vous avez laiss\u00e9 des commentaires sur le site, vous pouvez demander \u00e0 recevoir un fichier contenant toutes les donn\u00e9es personnelles que nous poss\u00e9dons \u00e0 votre sujet, incluant celles que vous nous avez fournies. Vous pouvez \u00e9galement demander la suppression des donn\u00e9es personnelles vous concernant. Cela ne prend pas en compte les donn\u00e9es stock\u00e9es \u00e0 des fins administratives, l\u00e9gales ou pour des raisons de s\u00e9curit\u00e9. Transmission de vos donn\u00e9es personnelles Texte sugg\u00e9r\u00e9\u00a0: Les commentaires des visiteurs peuvent \u00eatre v\u00e9rifi\u00e9s \u00e0 l\u2019aide d\u2019un service automatis\u00e9 de d\u00e9tection des commentaires ind\u00e9sirables.<\/p>","protected":false},"author":1,"featured_media":0,"parent":0,"menu_order":0,"comment_status":"closed","ping_status":"closed","template":"","meta":{"_uag_custom_page_level_css":"","site-sidebar-layout":"default","site-content-layout":"","ast-site-content-layout":"default","site-content-style":"default","site-sidebar-style":"default","ast-global-header-display":"","ast-banner-title-visibility":"","ast-main-header-display":"","ast-hfb-above-header-display":"","ast-hfb-below-header-display":"","ast-hfb-mobile-header-display":"","site-post-title":"","ast-breadcrumbs-content":"","ast-featured-img":"","footer-sml-layout":"","ast-disable-related-posts":"","theme-transparent-header-meta":"","adv-header-id-meta":null,"stick-header-meta":null,"header-above-stick-meta":null,"header-main-stick-meta":null,"header-below-stick-meta":null,"astra-migrate-meta-layouts":"default","ast-page-background-enabled":"default","ast-page-background-meta":{"desktop":{"background-color":"var(--ast-global-color-4)","background-image":"","background-repeat":"repeat","background-position":"center center","background-size":"auto","background-attachment":"scroll","background-type":"","background-media":"","overlay-type":"","overlay-color":"","overlay-opacity":"","overlay-gradient":""},"tablet":{"background-color":"","background-image":"","background-repeat":"repeat","background-position":"center center","background-size":"auto","background-attachment":"scroll","background-type":"","background-media":"","overlay-type":"","overlay-color":"","overlay-opacity":"","overlay-gradient":""},"mobile":{"background-color":"","background-image":"","background-repeat":"repeat","background-position":"center center","background-size":"auto","background-attachment":"scroll","background-type":"","background-media":"","overlay-type":"","overlay-color":"","overlay-opacity":"","overlay-gradient":""}},"ast-content-background-meta":{"desktop":{"background-color":"var(--ast-global-color-5)","background-image":"","background-repeat":"repeat","background-position":"center center","background-size":"auto","background-attachment":"scroll","background-type":"","background-media":"","overlay-type":"","overlay-color":"","overlay-opacity":"","overlay-gradient":""},"tablet":{"background-color":"var(--ast-global-color-5)","background-image":"","background-repeat":"repeat","background-position":"center center","background-size":"auto","background-attachment":"scroll","background-type":"","background-media":"","overlay-type":"","overlay-color":"","overlay-opacity":"","overlay-gradient":""},"mobile":{"background-color":"var(--ast-global-color-5)","background-image":"","background-repeat":"repeat","background-position":"center center","background-size":"auto","background-attachment":"scroll","background-type":"","background-media":"","overlay-type":"","overlay-color":"","overlay-opacity":"","overlay-gradient":""}},"footnotes":""},"class_list":["post-3","page","type-page","status-publish","hentry"],"uagb_featured_image_src":{"full":false,"thumbnail":false,"medium":false,"medium_large":false,"large":false,"1536x1536":false,"2048x2048":false,"trp-custom-language-flag":false},"uagb_author_info":{"display_name":"Madetoform","author_link":"https:\/\/madetoform.ch\/de\/author\/madetoform\/"},"uagb_comment_info":0,"uagb_excerpt":"Qui sommes-nous\u00a0? Texte sugg\u00e9r\u00e9\u00a0: L\u2019adresse de notre site est\u00a0: https:\/\/madetoform.ch. Commentaires Texte sugg\u00e9r\u00e9\u00a0: Quand vous laissez un commentaire sur notre site, les donn\u00e9es inscrites dans le formulaire de commentaire, mais aussi votre adresse IP et l\u2019agent utilisateur de votre navigateur sont collect\u00e9s pour nous aider \u00e0 la d\u00e9tection des commentaires ind\u00e9sirables. Une cha\u00eene anonymis\u00e9e cr\u00e9\u00e9e&hellip;","_links":{"self":[{"href":"https:\/\/madetoform.ch\/de\/wp-json\/wp\/v2\/pages\/3","targetHints":{"allow":["GET"]}}],"collection":[{"href":"https:\/\/madetoform.ch\/de\/wp-json\/wp\/v2\/pages"}],"about":[{"href":"https:\/\/madetoform.ch\/de\/wp-json\/wp\/v2\/types\/page"}],"author":[{"embeddable":true,"href":"https:\/\/madetoform.ch\/de\/wp-json\/wp\/v2\/users\/1"}],"replies":[{"embeddable":true,"href":"https:\/\/madetoform.ch\/de\/wp-json\/wp\/v2\/comments?post=3"}],"version-history":[{"count":7,"href":"https:\/\/madetoform.ch\/de\/wp-json\/wp\/v2\/pages\/3\/revisions"}],"predecessor-version":[{"id":1535,"href":"https:\/\/madetoform.ch\/de\/wp-json\/wp\/v2\/pages\/3\/revisions\/1535"}],"wp:attachment":[{"href":"https:\/\/madetoform.ch\/de\/wp-json\/wp\/v2\/media?parent=3"}],"curies":[{"name":"wp","href":"https:\/\/api.w.org\/{rel}","templated":true}]}}